{"id":18,"date":"2021-12-26T13:22:47","date_gmt":"2021-12-26T13:22:47","guid":{"rendered":"http:\/\/www.juurikkahaanratsutila.fi\/?page_id=18"},"modified":"2024-01-01T08:59:19","modified_gmt":"2024-01-01T08:59:19","slug":"elaimet","status":"publish","type":"page","link":"http:\/\/www.juurikkahaanratsutila.fi\/index.php\/elaimet\/","title":{"rendered":"El\u00e4imet"},"content":{"rendered":"\n<p>Mosse<\/p>\n\n\n\n<figure class=\"wp-block-image size-large\"><img loading=\"lazy\" decoding=\"async\" width=\"472\" height=\"1024\" src=\"http:\/\/www.juurikkahaanratsutila.fi\/wp-content\/uploads\/2021\/12\/20210225_165409-472x1024.jpg\" alt=\"\" class=\"wp-image-97\" srcset=\"http:\/\/www.juurikkahaanratsutila.fi\/wp-content\/uploads\/2021\/12\/20210225_165409-472x1024.jpg 472w, http:\/\/www.juurikkahaanratsutila.fi\/wp-content\/uploads\/2021\/12\/20210225_165409-138x300.jpg 138w, http:\/\/www.juurikkahaanratsutila.fi\/wp-content\/uploads\/2021\/12\/20210225_165409-768x1667.jpg 768w, http:\/\/www.juurikkahaanratsutila.fi\/wp-content\/uploads\/2021\/12\/20210225_165409-708x1536.jpg 708w, http:\/\/www.juurikkahaanratsutila.fi\/wp-content\/uploads\/2021\/12\/20210225_165409-944x2048.jpg 944w, http:\/\/www.juurikkahaanratsutila.fi\/wp-content\/uploads\/2021\/12\/20210225_165409-scaled.jpg 1180w\" sizes=\"auto, (max-width: 472px) 100vw, 472px\" \/><figcaption class=\"wp-element-caption\">Mosse retkell\u00e4<\/figcaption><\/figure>\n\n\n\n<p>Mosse on 2018 syntynyt saksanpaimenkoiran ja huskyn risteytys. Mossen lempipuuhaa on mets\u00e4stys ja kes\u00e4isin my\u00f6s kalastus sek\u00e4 Mosse toimii mielell\u00e4\u00e4n my\u00f6s Freijan kanssa hiirenpyynniss\u00e4. Pit\u00e4\u00e4h\u00e4n kaveria auttaa!<\/p>\n\n\n\n<figure class=\"wp-block-gallery has-nested-images columns-default is-cropped wp-block-gallery-1 is-layout-flex wp-block-gallery-is-layout-flex\"><\/figure>\n\n\n\n<p>Freyja<\/p>\n\n\n\n<figure class=\"wp-block-image size-full\"><img loading=\"lazy\" decoding=\"async\" width=\"740\" height=\"1024\" src=\"http:\/\/www.juurikkahaanratsutila.fi\/wp-content\/uploads\/2022\/06\/IMG-20220519-WA0001.jpg\" alt=\"\" class=\"wp-image-215\" srcset=\"http:\/\/www.juurikkahaanratsutila.fi\/wp-content\/uploads\/2022\/06\/IMG-20220519-WA0001.jpg 740w, http:\/\/www.juurikkahaanratsutila.fi\/wp-content\/uploads\/2022\/06\/IMG-20220519-WA0001-217x300.jpg 217w\" sizes=\"auto, (max-width: 706px) 89vw, (max-width: 767px) 82vw, 740px\" \/><figcaption class=\"wp-element-caption\">Freija tilan valtiatar<\/figcaption><\/figure>\n\n\n\n<p>Tallikissa huolehtii tallin hiirikannasta (silloin kun sille p\u00e4\u00e4lle sattuu&#8230; Joskus j\u00e4tt\u00e4\u00e4 t\u00e4m\u00e4n ty\u00f6n Mosselle). Mielell\u00e4\u00e4n Freija l\u00e4mmittelee ainakin talvisin kellarin piippua vasten ja tykk\u00e4\u00e4 saamastaan hoidosta.<\/p>\n\n\n\n<p>Nopolan Mimmi (Mimmi)<\/p>\n\n\n\n<figure class=\"wp-block-image size-large\"><img loading=\"lazy\" decoding=\"async\" width=\"768\" height=\"1024\" src=\"http:\/\/www.juurikkahaanratsutila.fi\/wp-content\/uploads\/2021\/12\/20190711_183218-768x1024.jpg\" alt=\"\" class=\"wp-image-95\" srcset=\"http:\/\/www.juurikkahaanratsutila.fi\/wp-content\/uploads\/2021\/12\/20190711_183218-768x1024.jpg 768w, http:\/\/www.juurikkahaanratsutila.fi\/wp-content\/uploads\/2021\/12\/20190711_183218-225x300.jpg 225w, http:\/\/www.juurikkahaanratsutila.fi\/wp-content\/uploads\/2021\/12\/20190711_183218-1152x1536.jpg 1152w, http:\/\/www.juurikkahaanratsutila.fi\/wp-content\/uploads\/2021\/12\/20190711_183218-1536x2048.jpg 1536w, http:\/\/www.juurikkahaanratsutila.fi\/wp-content\/uploads\/2021\/12\/20190711_183218-scaled.jpg 1920w\" sizes=\"auto, (max-width: 706px) 89vw, (max-width: 767px) 82vw, 740px\" \/><figcaption class=\"wp-element-caption\">Mimmi ihana<\/figcaption><\/figure>\n\n\n\n<p>Vuonna 2003 syntynyt pikkuponitamma. Mimmi on vain 93cm korkea. Mimmi on maailman kiltein ja sympaattisin poni, jonka kanssa on pienten hevosihmisten ihana aloitella harrastusta. Mimmi on mestari pallottelija! Mimmi kantaa kiltisti sel\u00e4ss\u00e4\u00e4n pienimm\u00e4t kyytil\u00e4iset, mutta k\u00e4rryhommista Mimmi oikein innostuu.<\/p>\n\n\n\n<p>Ponikujan Arman (Aapeli)<\/p>\n\n\n\n<figure class=\"wp-block-image size-large\"><img loading=\"lazy\" decoding=\"async\" width=\"1024\" height=\"768\" src=\"http:\/\/www.juurikkahaanratsutila.fi\/wp-content\/uploads\/2022\/06\/IMG-20220420-WA0003-1024x768.jpg\" alt=\"\" class=\"wp-image-235\" srcset=\"http:\/\/www.juurikkahaanratsutila.fi\/wp-content\/uploads\/2022\/06\/IMG-20220420-WA0003-1024x768.jpg 1024w, http:\/\/www.juurikkahaanratsutila.fi\/wp-content\/uploads\/2022\/06\/IMG-20220420-WA0003-300x225.jpg 300w, http:\/\/www.juurikkahaanratsutila.fi\/wp-content\/uploads\/2022\/06\/IMG-20220420-WA0003-768x576.jpg 768w, http:\/\/www.juurikkahaanratsutila.fi\/wp-content\/uploads\/2022\/06\/IMG-20220420-WA0003-1536x1152.jpg 1536w, http:\/\/www.juurikkahaanratsutila.fi\/wp-content\/uploads\/2022\/06\/IMG-20220420-WA0003.jpg 1600w\" sizes=\"auto, (max-width: 706px) 89vw, (max-width: 767px) 82vw, 740px\" \/><figcaption class=\"wp-element-caption\">Aapeli viett\u00e4m\u00e4ss\u00e4 siestaa<\/figcaption><\/figure>\n\n\n\n<p>Aapeli on 2011 syntynyt shetlanninponiruuna. Aapeli on kiltti ja reipas poika, joka rakastaa kaikkea saamaansa huomiota. Aapeli on aina innoissaan l\u00e4hd\u00f6ss\u00e4 t\u00f6ihin ja kaikki ty\u00f6t kelpaavat! Aapeli toimii kes\u00e4isin my\u00f6s pihamme puutarhurina, huolehtii siis ruohonleikkuusta irti pihallamme. Paitsi syksyll\u00e4 kun omenapuissa on omenat, silloin puutarhuri alkaa kummasti viihtym\u00e4\u00e4n vain omenapuiden alla!<\/p>\n\n\n\n<p>Polyanna (Anna)<\/p>\n\n\n\n<figure class=\"wp-block-image size-large\"><img loading=\"lazy\" decoding=\"async\" width=\"1024\" height=\"768\" src=\"http:\/\/www.juurikkahaanratsutila.fi\/wp-content\/uploads\/2021\/12\/20190526_154229-1024x768.jpg\" alt=\"\" class=\"wp-image-102\" srcset=\"http:\/\/www.juurikkahaanratsutila.fi\/wp-content\/uploads\/2021\/12\/20190526_154229-1024x768.jpg 1024w, http:\/\/www.juurikkahaanratsutila.fi\/wp-content\/uploads\/2021\/12\/20190526_154229-300x225.jpg 300w, http:\/\/www.juurikkahaanratsutila.fi\/wp-content\/uploads\/2021\/12\/20190526_154229-768x576.jpg 768w, http:\/\/www.juurikkahaanratsutila.fi\/wp-content\/uploads\/2021\/12\/20190526_154229-1536x1152.jpg 1536w, http:\/\/www.juurikkahaanratsutila.fi\/wp-content\/uploads\/2021\/12\/20190526_154229-2048x1536.jpg 2048w\" sizes=\"auto, (max-width: 706px) 89vw, (max-width: 767px) 82vw, 740px\" \/><figcaption class=\"wp-element-caption\">Anna ja nukkuvat kaverit<\/figcaption><\/figure>\n\n\n\n<p>Anna on 2006 syntynyt risteytysponitamma, jolle my\u00f6s ty\u00f6nteko kelpaa! Anna ei ymm\u00e4rr\u00e4 vapaap\u00e4ivi\u00e4, t\u00f6it\u00e4 on teht\u00e4v\u00e4! My\u00f6s hoitaminen ja sy\u00f6minen on yksi parhaista asioista. Anna on porukan pomo ja hoitaa kiitett\u00e4v\u00e4n j\u00e4m\u00e4k\u00e4sti ja m\u00e4\u00e4r\u00e4tietoisesti t\u00e4m\u00e4n vaativan teht\u00e4v\u00e4n.<\/p>\n\n\n\n<p>Kiira II (Kiira)<\/p>\n\n\n\n<figure class=\"wp-block-image size-large\"><img loading=\"lazy\" decoding=\"async\" width=\"1024\" height=\"768\" src=\"http:\/\/www.juurikkahaanratsutila.fi\/wp-content\/uploads\/2021\/12\/20190801_161409-1024x768.jpg\" alt=\"\" class=\"wp-image-96\" srcset=\"http:\/\/www.juurikkahaanratsutila.fi\/wp-content\/uploads\/2021\/12\/20190801_161409-1024x768.jpg 1024w, http:\/\/www.juurikkahaanratsutila.fi\/wp-content\/uploads\/2021\/12\/20190801_161409-300x225.jpg 300w, http:\/\/www.juurikkahaanratsutila.fi\/wp-content\/uploads\/2021\/12\/20190801_161409-768x576.jpg 768w, http:\/\/www.juurikkahaanratsutila.fi\/wp-content\/uploads\/2021\/12\/20190801_161409-1536x1152.jpg 1536w, http:\/\/www.juurikkahaanratsutila.fi\/wp-content\/uploads\/2021\/12\/20190801_161409-2048x1536.jpg 2048w\" sizes=\"auto, (max-width: 706px) 89vw, (max-width: 767px) 82vw, 740px\" \/><figcaption class=\"wp-element-caption\">Toini ja Kiira<\/figcaption><\/figure>\n\n\n\n<p>Vuonna 2008 syntynyt Kiira on iso valkoinen ja leppoinen tytt\u00f6. Kiira on hyvin utelias ja mielell\u00e4\u00e4n kulkisi pihalla penkomassa kaikkia paikkoja ja onkin oikein tyytyv\u00e4inen aina p\u00e4\u00e4stess\u00e4\u00e4n toteuttamaan t\u00e4t\u00e4 puolta itsess\u00e4\u00e4n.<\/p>\n\n\n\n<figure class=\"wp-block-gallery has-nested-images columns-default is-cropped wp-block-gallery-2 is-layout-flex wp-block-gallery-is-layout-flex\"><\/figure>\n","protected":false},"excerpt":{"rendered":"<p>Mosse Mosse on 2018 syntynyt saksanpaimenkoiran ja huskyn risteytys. Mossen lempipuuhaa on mets\u00e4stys ja kes\u00e4isin my\u00f6s kalastus sek\u00e4 Mosse toimii mielell\u00e4\u00e4n my\u00f6s Freijan kanssa hiirenpyynniss\u00e4. Pit\u00e4\u00e4h\u00e4n kaveria auttaa! Freyja Tallikissa huolehtii tallin hiirikannasta (silloin kun sille p\u00e4\u00e4lle sattuu&#8230; Joskus j\u00e4tt\u00e4\u00e4 t\u00e4m\u00e4n ty\u00f6n Mosselle). Mielell\u00e4\u00e4n Freija l\u00e4mmittelee ainakin talvisin kellarin piippua vasten ja tykk\u00e4\u00e4 saamastaan hoidosta. &hellip; <\/p>\n<p class=\"link-more\"><a href=\"http:\/\/www.juurikkahaanratsutila.fi\/index.php\/elaimet\/\" class=\"more-link\">Jatka lukemista<span class=\"screen-reader-text\"> &#8221;El\u00e4imet&#8221;<\/span><\/a><\/p>\n","protected":false},"author":1,"featured_media":0,"parent":0,"menu_order":0,"comment_status":"closed","ping_status":"closed","template":"","meta":{"footnotes":""},"class_list":["post-18","page","type-page","status-publish","hentry"],"_links":{"self":[{"href":"http:\/\/www.juurikkahaanratsutila.fi\/index.php\/wp-json\/wp\/v2\/pages\/18","targetHints":{"allow":["GET"]}}],"collection":[{"href":"http:\/\/www.juurikkahaanratsutila.fi\/index.php\/wp-json\/wp\/v2\/pages"}],"about":[{"href":"http:\/\/www.juurikkahaanratsutila.fi\/index.php\/wp-json\/wp\/v2\/types\/page"}],"author":[{"embeddable":true,"href":"http:\/\/www.juurikkahaanratsutila.fi\/index.php\/wp-json\/wp\/v2\/users\/1"}],"replies":[{"embeddable":true,"href":"http:\/\/www.juurikkahaanratsutila.fi\/index.php\/wp-json\/wp\/v2\/comments?post=18"}],"version-history":[{"count":20,"href":"http:\/\/www.juurikkahaanratsutila.fi\/index.php\/wp-json\/wp\/v2\/pages\/18\/revisions"}],"predecessor-version":[{"id":269,"href":"http:\/\/www.juurikkahaanratsutila.fi\/index.php\/wp-json\/wp\/v2\/pages\/18\/revisions\/269"}],"wp:attachment":[{"href":"http:\/\/www.juurikkahaanratsutila.fi\/index.php\/wp-json\/wp\/v2\/media?parent=18"}],"curies":[{"name":"wp","href":"https:\/\/api.w.org\/{rel}","templated":true}]}}