{"id":16,"date":"2021-12-26T13:22:47","date_gmt":"2021-12-26T13:22:47","guid":{"rendered":"http:\/\/www.juurikkahaanratsutila.fi\/?page_id=16"},"modified":"2022-06-12T16:45:54","modified_gmt":"2022-06-12T16:45:54","slug":"elainavusteinen-toiminta","status":"publish","type":"page","link":"http:\/\/www.juurikkahaanratsutila.fi\/index.php\/elainavusteinen-toiminta\/","title":{"rendered":"El\u00e4inavusteinen valmennus ja nepsy-valmennus"},"content":{"rendered":"\n<figure class=\"wp-block-image size-full\"><img loading=\"lazy\" decoding=\"async\" width=\"768\" height=\"1024\" src=\"http:\/\/www.juurikkahaanratsutila.fi\/wp-content\/uploads\/2022\/06\/IMG-20220611-WA0002.jpg\" alt=\"\" class=\"wp-image-245\" srcset=\"http:\/\/www.juurikkahaanratsutila.fi\/wp-content\/uploads\/2022\/06\/IMG-20220611-WA0002.jpg 768w, http:\/\/www.juurikkahaanratsutila.fi\/wp-content\/uploads\/2022\/06\/IMG-20220611-WA0002-225x300.jpg 225w\" sizes=\"auto, (max-width: 706px) 89vw, (max-width: 767px) 82vw, 740px\" \/><\/figure>\n\n\n\n<p>El\u00e4inavusteinen valmennus on valmennusta, jossa on henkil\u00f6kohtaiset tavoitteet. Tavoitteet saavutetaan ratkaisukeskeisten menetelmien avulla. Toiminnassa on mukana tilanteeseen sopiva el\u00e4inty\u00f6kaveri.<\/p>\n\n\n\n<p>Ratkaisukeskeisyydess\u00e4 korostuu asiakasl\u00e4ht\u00f6isyys ja tavoitteellisuus, voimavarakeskeisyys sek\u00e4 positiivisuus. Ratkaisukesksisyydess\u00e4 huomioimme edistyksen ja toimimme aina kannustavasti sek\u00e4 yhteisty\u00f6ss\u00e4. Asiakkaana voi olla lapsi tai nuori, jolloin tavoitteena voi olla esimerkiksi vuorovaikutukseen, keskittymiseen ja itsetuntoon sek\u00e4 tunnetaitoihin  liittyv\u00e4t taidot. Aikuisten tavoitteena voi olla puolestaan arjessa jaksaminen tai omien voimavarojen l\u00f6yt\u00e4minen.<\/p>\n\n\n\n<p>El\u00e4inavusteinen valmennus auttaa fyysisesti, psyykkisesti ja sosiaalisesti, El\u00e4imen kohdatessa oksitosiinitaso nousee, kortisolitaso laskee, syke ja verenpaine laskevat sek\u00e4 hengitys rauhoittuu. El\u00e4imet voimaannuttavat, tunne-el\u00e4m\u00e4n taidot helpottuvat, my\u00f6s motoriset taidot paranevat ja empatiataidot kehittyv\u00e4t. Keskittyminen paranee, rentoutuminen ja rauhoittuminen tapahtuvat kuin itsest\u00e4\u00e4n ja itseluottamus kasvaa. El\u00e4imet eiv\u00e4t tuomitse, ne ottavat jokaisen vastaan omana itsen\u00e4\u00e4n.<\/p>\n\n\n\n<p><strong>Nepsy-valmennus<\/strong><\/p>\n\n\n\n<p>Nepsy on lyhenne sanasta neuropsykiatrinen. Nepsy-valmennus tilallamme on  el\u00e4inavusteista valmennusta, jossa otetaan huomioon asiakkaan nepsy-haasteet. Nepsy-haasteita voi olla esimerkiksi keskittymiseen liittyv\u00e4t haasteet kuten aktiivisuuden ja tarkkaavaisuuden h\u00e4iri\u00f6t (ADHD, ADD), autismikirjon h\u00e4iri\u00f6t, asperger tai tourette.<\/p>\n\n\n\n<figure class=\"wp-block-image size-full\"><img loading=\"lazy\" decoding=\"async\" width=\"768\" height=\"1024\" src=\"http:\/\/www.juurikkahaanratsutila.fi\/wp-content\/uploads\/2022\/06\/IMG-20220611-WA0006.jpg\" alt=\"\" class=\"wp-image-244\" srcset=\"http:\/\/www.juurikkahaanratsutila.fi\/wp-content\/uploads\/2022\/06\/IMG-20220611-WA0006.jpg 768w, http:\/\/www.juurikkahaanratsutila.fi\/wp-content\/uploads\/2022\/06\/IMG-20220611-WA0006-225x300.jpg 225w\" sizes=\"auto, (max-width: 706px) 89vw, (max-width: 767px) 82vw, 740px\" \/><\/figure>\n\n\n\n<p>Nepsy-haasteissa taustalla voi olla kehityksellisi\u00e4, aivojen rakenteellisista tai toiminnallisista poikkeavuuksista johtuvia tekij\u00f6it\u00e4. Nepsy-haasteet voivat olla perinn\u00f6llisi\u00e4 ja ne ovat yleens\u00e4 pysyvi\u00e4, mutta muuttuvat i\u00e4n ja kasvamisen my\u00f6t\u00e4. Nepsy-ominaisuudet vaikuttavat k\u00e4ytt\u00e4ytymiseen, tunteiden s\u00e4\u00e4telyyn, ajatteluun ja mieleen. Taustalla voi olla my\u00f6s sairauksia, vammoja tai traumoja, kehitysh\u00e4iri\u00f6it\u00e4, mutta nepsy-haasteita voi esiinty\u00e4 my\u00f6s ilman tutkimuksia tai diagnoosia.<\/p>\n\n\n\n<p>Nepsy-haasteet n\u00e4kyv\u00e4t vuorovaikutustaidoissa, tunteiden s\u00e4\u00e4telyyn liittyviss\u00e4 asioissa, muistiin liittyviss\u00e4 tekij\u00f6iss\u00e4, tarkkaavaisuudessa, motorisissa tekij\u00f6iss\u00e4, toiminnanohjeuksessa, aistiherkkyyten\u00e4, k\u00e4ytt\u00e4ytymisess\u00e4 ym. Haasteet vaikuttavat koko perheeseen ja l\u00e4hipiiriin.<\/p>\n\n\n\n<p>Tilallamme nepsy-valmennus on ammattimaista toimintaa, jossa asiakkaan tavoitteet huomioidaan yksil\u00f6kohtaisesti. Nepsy-valmennus on yksil\u00f6valmennusta ja tavoitteet saavutetaan ratkaisukeskeisten menetelmien avulla. Valmennuksessa on mukana el\u00e4inty\u00f6pari.<\/p>\n","protected":false},"excerpt":{"rendered":"<p>El\u00e4inavusteinen valmennus on valmennusta, jossa on henkil\u00f6kohtaiset tavoitteet. Tavoitteet saavutetaan ratkaisukeskeisten menetelmien avulla. Toiminnassa on mukana tilanteeseen sopiva el\u00e4inty\u00f6kaveri. Ratkaisukeskeisyydess\u00e4 korostuu asiakasl\u00e4ht\u00f6isyys ja tavoitteellisuus, voimavarakeskeisyys sek\u00e4 positiivisuus. Ratkaisukesksisyydess\u00e4 huomioimme edistyksen ja toimimme aina kannustavasti sek\u00e4 yhteisty\u00f6ss\u00e4. Asiakkaana voi olla lapsi tai nuori, jolloin tavoitteena voi olla esimerkiksi vuorovaikutukseen, keskittymiseen ja itsetuntoon sek\u00e4 tunnetaitoihin liittyv\u00e4t taidot. &hellip; <\/p>\n<p class=\"link-more\"><a href=\"http:\/\/www.juurikkahaanratsutila.fi\/index.php\/elainavusteinen-toiminta\/\" class=\"more-link\">Jatka lukemista<span class=\"screen-reader-text\"> &#8221;El\u00e4inavusteinen valmennus ja nepsy-valmennus&#8221;<\/span><\/a><\/p>\n","protected":false},"author":1,"featured_media":0,"parent":0,"menu_order":0,"comment_status":"closed","ping_status":"closed","template":"","meta":{"footnotes":""},"class_list":["post-16","page","type-page","status-publish","hentry"],"_links":{"self":[{"href":"http:\/\/www.juurikkahaanratsutila.fi\/index.php\/wp-json\/wp\/v2\/pages\/16","targetHints":{"allow":["GET"]}}],"collection":[{"href":"http:\/\/www.juurikkahaanratsutila.fi\/index.php\/wp-json\/wp\/v2\/pages"}],"about":[{"href":"http:\/\/www.juurikkahaanratsutila.fi\/index.php\/wp-json\/wp\/v2\/types\/page"}],"author":[{"embeddable":true,"href":"http:\/\/www.juurikkahaanratsutila.fi\/index.php\/wp-json\/wp\/v2\/users\/1"}],"replies":[{"embeddable":true,"href":"http:\/\/www.juurikkahaanratsutila.fi\/index.php\/wp-json\/wp\/v2\/comments?post=16"}],"version-history":[{"count":19,"href":"http:\/\/www.juurikkahaanratsutila.fi\/index.php\/wp-json\/wp\/v2\/pages\/16\/revisions"}],"predecessor-version":[{"id":248,"href":"http:\/\/www.juurikkahaanratsutila.fi\/index.php\/wp-json\/wp\/v2\/pages\/16\/revisions\/248"}],"wp:attachment":[{"href":"http:\/\/www.juurikkahaanratsutila.fi\/index.php\/wp-json\/wp\/v2\/media?parent=16"}],"curies":[{"name":"wp","href":"https:\/\/api.w.org\/{rel}","templated":true}]}}