{"id":15,"date":"2021-12-26T13:22:47","date_gmt":"2021-12-26T13:22:47","guid":{"rendered":"http:\/\/www.juurikkahaanratsutila.fi\/?page_id=15"},"modified":"2022-06-06T10:02:26","modified_gmt":"2022-06-06T10:02:26","slug":"ratsastustunnit","status":"publish","type":"page","link":"http:\/\/www.juurikkahaanratsutila.fi\/index.php\/ratsastustunnit\/","title":{"rendered":"Hevostoimintatunnit"},"content":{"rendered":"\n<p>Tarjoamme hevostoimintatunteja pienryhmiss\u00e4. Meille on t\u00e4rke\u00e4\u00e4, ett\u00e4 opetus on yksil\u00f6llist\u00e4 ja el\u00e4imeen muodostuu hyv\u00e4 suhde. T\u00e4m\u00e4n vuoksi tarjoamme tunteja, joissa ratsastuksen lis\u00e4ksi hevosten kanssa yhteisty\u00f6ss\u00e4 harjoitellaan monenlaista mukavaa toimintaa, kuten maastak\u00e4sittely\u00e4, mind fullness-tyyppisi\u00e4 harjoituksia jne.<\/p>\n\n\n\n<p>Toimintamme tarkoituksena on kohdella el\u00e4imi\u00e4 ja ihmisi\u00e4 kaikkia arvokkaina yksil\u00f6in\u00e4 ja sen vuoksi koemme t\u00e4rke\u00e4ksi, ett\u00e4 ymm\u00e4rr\u00e4mme toinen toisiamme, el\u00e4imet ja ihmiset. Huomioimme toiminnassamme hevosten lajityypillisen k\u00e4ytt\u00e4ytymisen, ohjaamme ihmisi\u00e4 sen oppimiseen ja el\u00e4imet osallistuvat teht\u00e4viin haluamansa mukaan. Annamme siis sek\u00e4 ihmisten ja hevosten valita. <\/p>\n\n\n\n<figure class=\"wp-block-gallery has-nested-images columns-default is-cropped wp-block-gallery-1 is-layout-flex wp-block-gallery-is-layout-flex\">\n<figure class=\"wp-block-image size-large\"><img loading=\"lazy\" decoding=\"async\" width=\"498\" height=\"1024\" data-id=\"128\" src=\"http:\/\/www.juurikkahaanratsutila.fi\/wp-content\/uploads\/2021\/12\/20210922_100347-498x1024.jpg\" alt=\"\" class=\"wp-image-128\" srcset=\"http:\/\/www.juurikkahaanratsutila.fi\/wp-content\/uploads\/2021\/12\/20210922_100347-498x1024.jpg 498w, http:\/\/www.juurikkahaanratsutila.fi\/wp-content\/uploads\/2021\/12\/20210922_100347-146x300.jpg 146w, http:\/\/www.juurikkahaanratsutila.fi\/wp-content\/uploads\/2021\/12\/20210922_100347-768x1580.jpg 768w, http:\/\/www.juurikkahaanratsutila.fi\/wp-content\/uploads\/2021\/12\/20210922_100347-746x1536.jpg 746w, http:\/\/www.juurikkahaanratsutila.fi\/wp-content\/uploads\/2021\/12\/20210922_100347-995x2048.jpg 995w, http:\/\/www.juurikkahaanratsutila.fi\/wp-content\/uploads\/2021\/12\/20210922_100347-scaled.jpg 1244w\" sizes=\"auto, (max-width: 498px) 100vw, 498px\" \/><\/figure>\n<figcaption class=\"blocks-gallery-caption\">Kiira ja Ville hoitavat toisiaan<\/figcaption><\/figure>\n","protected":false},"excerpt":{"rendered":"<p>Tarjoamme hevostoimintatunteja pienryhmiss\u00e4. Meille on t\u00e4rke\u00e4\u00e4, ett\u00e4 opetus on yksil\u00f6llist\u00e4 ja el\u00e4imeen muodostuu hyv\u00e4 suhde. T\u00e4m\u00e4n vuoksi tarjoamme tunteja, joissa ratsastuksen lis\u00e4ksi hevosten kanssa yhteisty\u00f6ss\u00e4 harjoitellaan monenlaista mukavaa toimintaa, kuten maastak\u00e4sittely\u00e4, mind fullness-tyyppisi\u00e4 harjoituksia jne. Toimintamme tarkoituksena on kohdella el\u00e4imi\u00e4 ja ihmisi\u00e4 kaikkia arvokkaina yksil\u00f6in\u00e4 ja sen vuoksi koemme t\u00e4rke\u00e4ksi, ett\u00e4 ymm\u00e4rr\u00e4mme toinen toisiamme, el\u00e4imet &hellip; <\/p>\n<p class=\"link-more\"><a href=\"http:\/\/www.juurikkahaanratsutila.fi\/index.php\/ratsastustunnit\/\" class=\"more-link\">Jatka lukemista<span class=\"screen-reader-text\"> &#8221;Hevostoimintatunnit&#8221;<\/span><\/a><\/p>\n","protected":false},"author":1,"featured_media":0,"parent":0,"menu_order":0,"comment_status":"closed","ping_status":"closed","template":"","meta":{"footnotes":""},"class_list":["post-15","page","type-page","status-publish","hentry"],"_links":{"self":[{"href":"http:\/\/www.juurikkahaanratsutila.fi\/index.php\/wp-json\/wp\/v2\/pages\/15","targetHints":{"allow":["GET"]}}],"collection":[{"href":"http:\/\/www.juurikkahaanratsutila.fi\/index.php\/wp-json\/wp\/v2\/pages"}],"about":[{"href":"http:\/\/www.juurikkahaanratsutila.fi\/index.php\/wp-json\/wp\/v2\/types\/page"}],"author":[{"embeddable":true,"href":"http:\/\/www.juurikkahaanratsutila.fi\/index.php\/wp-json\/wp\/v2\/users\/1"}],"replies":[{"embeddable":true,"href":"http:\/\/www.juurikkahaanratsutila.fi\/index.php\/wp-json\/wp\/v2\/comments?post=15"}],"version-history":[{"count":9,"href":"http:\/\/www.juurikkahaanratsutila.fi\/index.php\/wp-json\/wp\/v2\/pages\/15\/revisions"}],"predecessor-version":[{"id":223,"href":"http:\/\/www.juurikkahaanratsutila.fi\/index.php\/wp-json\/wp\/v2\/pages\/15\/revisions\/223"}],"wp:attachment":[{"href":"http:\/\/www.juurikkahaanratsutila.fi\/index.php\/wp-json\/wp\/v2\/media?parent=15"}],"curies":[{"name":"wp","href":"https:\/\/api.w.org\/{rel}","templated":true}]}}